{"id":30,"date":"2024-08-27T14:00:01","date_gmt":"2024-08-27T14:00:01","guid":{"rendered":"https:\/\/pharitechservices.com\/?page_id=30"},"modified":"2026-01-28T17:30:42","modified_gmt":"2026-01-28T17:30:42","slug":"nuestra-empresa","status":"publish","type":"page","link":"https:\/\/pharitechservices.com\/?page_id=30","title":{"rendered":"Nuestra Empresa"},"content":{"rendered":"\t\t<div data-elementor-type=\"wp-page\" data-elementor-id=\"30\" class=\"elementor elementor-30\">\n\t\t\t\t<div class=\"elementor-element elementor-element-fd9e674 e-flex e-con-boxed e-con e-parent\" data-id=\"fd9e674\" data-element_type=\"container\" data-e-type=\"container\">\n\t\t\t\t\t<div class=\"e-con-inner\">\n\t\t\t\t<div class=\"elementor-element elementor-element-b3aae2e elementor-widget elementor-widget-heading\" data-id=\"b3aae2e\" data-element_type=\"widget\" data-e-type=\"widget\" data-widget_type=\"heading.default\">\n\t\t\t\t<div class=\"elementor-widget-container\">\n\t\t\t\t\t<h1 class=\"elementor-heading-title elementor-size-default\">Marco Estrat\u00e9gico Institucional<\/h1>\t\t\t\t<\/div>\n\t\t\t\t<\/div>\n\t\t\t\t\t<\/div>\n\t\t\t\t<\/div>\n\t\t<div class=\"elementor-element elementor-element-5600a83 e-flex e-con-boxed e-con e-parent\" data-id=\"5600a83\" data-element_type=\"container\" data-e-type=\"container\">\n\t\t\t\t\t<div class=\"e-con-inner\">\n\t\t\t\t<div class=\"elementor-element elementor-element-42c77d4 elementor-widget elementor-widget-accordion\" data-id=\"42c77d4\" data-element_type=\"widget\" data-e-type=\"widget\" data-widget_type=\"accordion.default\">\n\t\t\t\t<div class=\"elementor-widget-container\">\n\t\t\t\t\t\t\t<div class=\"elementor-accordion\">\n\t\t\t\t\t\t\t<div class=\"elementor-accordion-item\">\n\t\t\t\t\t<div id=\"elementor-tab-title-7001\" class=\"elementor-tab-title\" data-tab=\"1\" role=\"button\" aria-controls=\"elementor-tab-content-7001\" aria-expanded=\"false\">\n\t\t\t\t\t\t\t\t\t\t\t\t\t<span class=\"elementor-accordion-icon elementor-accordion-icon-left\" aria-hidden=\"true\">\n\t\t\t\t\t\t\t\t\t\t\t\t\t\t\t<span class=\"elementor-accordion-icon-closed\"><svg class=\"e-font-icon-svg e-fas-plus\" viewBox=\"0 0 448 512\" xmlns=\"http:\/\/www.w3.org\/2000\/svg\"><path d=\"M416 208H272V64c0-17.67-14.33-32-32-32h-32c-17.67 0-32 14.33-32 32v144H32c-17.67 0-32 14.33-32 32v32c0 17.67 14.33 32 32 32h144v144c0 17.67 14.33 32 32 32h32c17.67 0 32-14.33 32-32V304h144c17.67 0 32-14.33 32-32v-32c0-17.67-14.33-32-32-32z\"><\/path><\/svg><\/span>\n\t\t\t\t\t\t\t\t<span class=\"elementor-accordion-icon-opened\"><svg class=\"e-font-icon-svg e-fas-minus\" viewBox=\"0 0 448 512\" xmlns=\"http:\/\/www.w3.org\/2000\/svg\"><path d=\"M416 208H32c-17.67 0-32 14.33-32 32v32c0 17.67 14.33 32 32 32h384c17.67 0 32-14.33 32-32v-32c0-17.67-14.33-32-32-32z\"><\/path><\/svg><\/span>\n\t\t\t\t\t\t\t\t\t\t\t\t\t\t<\/span>\n\t\t\t\t\t\t\t\t\t\t\t\t<a class=\"elementor-accordion-title\" tabindex=\"0\">Mision<\/a>\n\t\t\t\t\t<\/div>\n\t\t\t\t\t<div id=\"elementor-tab-content-7001\" class=\"elementor-tab-content elementor-clearfix\" data-tab=\"1\" role=\"region\" aria-labelledby=\"elementor-tab-title-7001\"><p style=\"text-align: center;\" data-start=\"190\" data-end=\"556\"><strong>En Phari Tech Services desarrollamos e implementamos soluciones tecnol\u00f3gicas que optimizan los procesos del sector transporte y log\u00edstica, facilitando el cumplimiento normativo, la eficiencia operativa y la toma de decisiones. Trabajamos de la mano de nuestros clientes para ofrecer herramientas confiables, escalables y adaptadas a las necesidades reales del negocio, generando valor sostenible a trav\u00e9s de la innovaci\u00f3n.<\/strong><\/p><\/div>\n\t\t\t\t<\/div>\n\t\t\t\t\t\t\t<div class=\"elementor-accordion-item\">\n\t\t\t\t\t<div id=\"elementor-tab-title-7002\" class=\"elementor-tab-title\" data-tab=\"2\" role=\"button\" aria-controls=\"elementor-tab-content-7002\" aria-expanded=\"false\">\n\t\t\t\t\t\t\t\t\t\t\t\t\t<span class=\"elementor-accordion-icon elementor-accordion-icon-left\" aria-hidden=\"true\">\n\t\t\t\t\t\t\t\t\t\t\t\t\t\t\t<span class=\"elementor-accordion-icon-closed\"><svg class=\"e-font-icon-svg e-fas-plus\" viewBox=\"0 0 448 512\" xmlns=\"http:\/\/www.w3.org\/2000\/svg\"><path d=\"M416 208H272V64c0-17.67-14.33-32-32-32h-32c-17.67 0-32 14.33-32 32v144H32c-17.67 0-32 14.33-32 32v32c0 17.67 14.33 32 32 32h144v144c0 17.67 14.33 32 32 32h32c17.67 0 32-14.33 32-32V304h144c17.67 0 32-14.33 32-32v-32c0-17.67-14.33-32-32-32z\"><\/path><\/svg><\/span>\n\t\t\t\t\t\t\t\t<span class=\"elementor-accordion-icon-opened\"><svg class=\"e-font-icon-svg e-fas-minus\" viewBox=\"0 0 448 512\" xmlns=\"http:\/\/www.w3.org\/2000\/svg\"><path d=\"M416 208H32c-17.67 0-32 14.33-32 32v32c0 17.67 14.33 32 32 32h384c17.67 0 32-14.33 32-32v-32c0-17.67-14.33-32-32-32z\"><\/path><\/svg><\/span>\n\t\t\t\t\t\t\t\t\t\t\t\t\t\t<\/span>\n\t\t\t\t\t\t\t\t\t\t\t\t<a class=\"elementor-accordion-title\" tabindex=\"0\">Visi\u00f3n<\/a>\n\t\t\t\t\t<\/div>\n\t\t\t\t\t<div id=\"elementor-tab-content-7002\" class=\"elementor-tab-content elementor-clearfix\" data-tab=\"2\" role=\"region\" aria-labelledby=\"elementor-tab-title-7002\"><p style=\"text-align: center;\"><strong>Ser una empresa referente en soluciones tecnol\u00f3gicas para el sector transporte y log\u00edstica en Colombia y la regi\u00f3n, reconocida por la calidad de nuestras soluciones, nuestra capacidad de integraci\u00f3n tecnol\u00f3gica y nuestro compromiso con la mejora continua, contribuyendo activamente a la transformaci\u00f3n digital de la industria.<\/strong><\/p><\/div>\n\t\t\t\t<\/div>\n\t\t\t\t\t\t\t<div class=\"elementor-accordion-item\">\n\t\t\t\t\t<div id=\"elementor-tab-title-7003\" class=\"elementor-tab-title\" data-tab=\"3\" role=\"button\" aria-controls=\"elementor-tab-content-7003\" aria-expanded=\"false\">\n\t\t\t\t\t\t\t\t\t\t\t\t\t<span class=\"elementor-accordion-icon elementor-accordion-icon-left\" aria-hidden=\"true\">\n\t\t\t\t\t\t\t\t\t\t\t\t\t\t\t<span class=\"elementor-accordion-icon-closed\"><svg class=\"e-font-icon-svg e-fas-plus\" viewBox=\"0 0 448 512\" xmlns=\"http:\/\/www.w3.org\/2000\/svg\"><path d=\"M416 208H272V64c0-17.67-14.33-32-32-32h-32c-17.67 0-32 14.33-32 32v144H32c-17.67 0-32 14.33-32 32v32c0 17.67 14.33 32 32 32h144v144c0 17.67 14.33 32 32 32h32c17.67 0 32-14.33 32-32V304h144c17.67 0 32-14.33 32-32v-32c0-17.67-14.33-32-32-32z\"><\/path><\/svg><\/span>\n\t\t\t\t\t\t\t\t<span class=\"elementor-accordion-icon-opened\"><svg class=\"e-font-icon-svg e-fas-minus\" viewBox=\"0 0 448 512\" xmlns=\"http:\/\/www.w3.org\/2000\/svg\"><path d=\"M416 208H32c-17.67 0-32 14.33-32 32v32c0 17.67 14.33 32 32 32h384c17.67 0 32-14.33 32-32v-32c0-17.67-14.33-32-32-32z\"><\/path><\/svg><\/span>\n\t\t\t\t\t\t\t\t\t\t\t\t\t\t<\/span>\n\t\t\t\t\t\t\t\t\t\t\t\t<a class=\"elementor-accordion-title\" tabindex=\"0\">Valores<\/a>\n\t\t\t\t\t<\/div>\n\t\t\t\t\t<div id=\"elementor-tab-content-7003\" class=\"elementor-tab-content elementor-clearfix\" data-tab=\"3\" role=\"region\" aria-labelledby=\"elementor-tab-title-7003\"><ul><li data-start=\"989\" data-end=\"1151\"><p style=\"text-align: left;\" data-start=\"991\" data-end=\"1151\"><strong data-start=\"991\" data-end=\"1006\">Compromiso:<\/strong> Asumimos cada proyecto con responsabilidad, \u00e9tica y orientaci\u00f3n a resultados, priorizando el cumplimiento de los objetivos de nuestros clientes.<\/p><\/li><li style=\"text-align: left;\" data-start=\"1152\" data-end=\"1288\"><p data-start=\"1154\" data-end=\"1288\"><strong data-start=\"1154\" data-end=\"1169\">Innovaci\u00f3n:<\/strong> Promovemos la mejora constante y el uso estrat\u00e9gico de la tecnolog\u00eda para resolver desaf\u00edos operativos y regulatorios.<\/p><\/li><li style=\"text-align: left;\" data-start=\"1289\" data-end=\"1405\"><p data-start=\"1291\" data-end=\"1405\"><strong data-start=\"1291\" data-end=\"1303\">Calidad:<\/strong> Desarrollamos soluciones robustas, confiables y alineadas con buenas pr\u00e1cticas t\u00e9cnicas y normativas.<\/p><\/li><li style=\"text-align: left;\" data-start=\"1406\" data-end=\"1533\"><p data-start=\"1408\" data-end=\"1533\"><strong data-start=\"1408\" data-end=\"1425\">Colaboraci\u00f3n:<\/strong> Creemos en el trabajo conjunto con clientes, aliados y equipos multidisciplinarios como base para el \u00e9xito.<\/p><\/li><li style=\"text-align: left;\" data-start=\"1534\" data-end=\"1658\"><p data-start=\"1536\" data-end=\"1658\"><strong data-start=\"1536\" data-end=\"1554\">Transparencia:<\/strong> Actuamos con claridad y honestidad en cada proceso, construyendo relaciones de confianza a largo plazo.<\/p><\/li><li data-start=\"1659\" data-end=\"1803\"><p style=\"text-align: left;\" data-start=\"1661\" data-end=\"1803\"><strong data-start=\"1661\" data-end=\"1688\">Orientaci\u00f3n al cliente:<\/strong> Dise\u00f1amos nuestras soluciones poniendo al cliente en el centro, entendiendo su contexto y necesidades espec\u00edficas.<\/p><\/li><\/ul><\/div>\n\t\t\t\t<\/div>\n\t\t\t\t\t\t\t\t<\/div>\n\t\t\t\t\t\t<\/div>\n\t\t\t\t<\/div>\n\t\t\t\t\t<\/div>\n\t\t\t\t<\/div>\n\t\t<div class=\"elementor-element elementor-element-76d0818 e-grid e-con-boxed e-con e-parent\" data-id=\"76d0818\" data-element_type=\"container\" data-e-type=\"container\">\n\t\t\t\t\t<div class=\"e-con-inner\">\n\t\t\t\t\t<\/div>\n\t\t\t\t<\/div>\n\t\t\t\t<\/div>\n\t\t","protected":false},"excerpt":{"rendered":"<p>Marco Estrat\u00e9gico Institucional Mision En Phari Tech Services desarrollamos e implementamos soluciones tecnol\u00f3gicas que optimizan los procesos del sector transporte y log\u00edstica, facilitando el cumplimiento normativo, la eficiencia operativa y la toma de decisiones. Trabajamos de la mano de nuestros clientes para ofrecer herramientas confiables, escalables y adaptadas a las necesidades reales del negocio, generando [&hellip;]<\/p>\n","protected":false},"author":1,"featured_media":0,"parent":0,"menu_order":0,"comment_status":"closed","ping_status":"closed","template":"","meta":{"_uag_custom_page_level_css":"","footnotes":""},"class_list":["post-30","page","type-page","status-publish","hentry"],"uagb_featured_image_src":{"full":false,"thumbnail":false,"medium":false,"medium_large":false,"large":false,"1536x1536":false,"2048x2048":false},"uagb_author_info":{"display_name":"admin","author_link":"https:\/\/pharitechservices.com\/?author=1"},"uagb_comment_info":0,"uagb_excerpt":"Marco Estrat\u00e9gico Institucional Mision En Phari Tech Services desarrollamos e implementamos soluciones tecnol\u00f3gicas que optimizan los procesos del sector transporte y log\u00edstica, facilitando el cumplimiento normativo, la eficiencia operativa y la toma de decisiones. Trabajamos de la mano de nuestros clientes para ofrecer herramientas confiables, escalables y adaptadas a las necesidades reales del negocio, generando&hellip;","_links":{"self":[{"href":"https:\/\/pharitechservices.com\/index.php?rest_route=\/wp\/v2\/pages\/30","targetHints":{"allow":["GET"]}}],"collection":[{"href":"https:\/\/pharitechservices.com\/index.php?rest_route=\/wp\/v2\/pages"}],"about":[{"href":"https:\/\/pharitechservices.com\/index.php?rest_route=\/wp\/v2\/types\/page"}],"author":[{"embeddable":true,"href":"https:\/\/pharitechservices.com\/index.php?rest_route=\/wp\/v2\/users\/1"}],"replies":[{"embeddable":true,"href":"https:\/\/pharitechservices.com\/index.php?rest_route=%2Fwp%2Fv2%2Fcomments&post=30"}],"version-history":[{"count":11,"href":"https:\/\/pharitechservices.com\/index.php?rest_route=\/wp\/v2\/pages\/30\/revisions"}],"predecessor-version":[{"id":81,"href":"https:\/\/pharitechservices.com\/index.php?rest_route=\/wp\/v2\/pages\/30\/revisions\/81"}],"wp:attachment":[{"href":"https:\/\/pharitechservices.com\/index.php?rest_route=%2Fwp%2Fv2%2Fmedia&parent=30"}],"curies":[{"name":"wp","href":"https:\/\/api.w.org\/{rel}","templated":true}]}}